{"id":783,"date":"2024-05-15T11:55:24","date_gmt":"2024-05-15T11:55:24","guid":{"rendered":"https:\/\/latinenergypartners.com\/sitemap\/"},"modified":"2024-05-15T12:09:26","modified_gmt":"2024-05-15T12:09:26","slug":"sitemap","status":"publish","type":"page","link":"https:\/\/latinenergypartners.com\/es\/sitemap\/","title":{"rendered":"Mapa del sitio"},"content":{"rendered":"<ul>\n<li><a href=\"https:\/\/latinenergypartners.com\/es\/\">Hogar<\/a><\/li>\n<li><a href=\"https:\/\/latinenergypartners.com\/es\/leadership-and-board\/\">Liderazgo y Junta<\/a><\/li>\n<li><a href=\"https:\/\/latinenergypartners.com\/es\/operations\/\">Operaciones<\/a><\/li>\n<li><a href=\"https:\/\/latinenergypartners.com\/es\/esg\/\">ASG<\/a><\/li>\n<li><a href=\"https:\/\/latinenergypartners.com\/es\/latin-america-overview\/\">Descripci\u00f3n general de Am\u00e9rica Latina<\/a><\/li>\n<li><a href=\"https:\/\/latinenergypartners.com\/es\/contact-us\/\">Contacta con nosotras<\/a><\/li>\n<li><a href=\"https:\/\/latinenergypartners.com\/privacy-policy\/\">pol\u00edtica de privacidad<\/a><\/li>\n<\/ul>\n","protected":false},"excerpt":{"rendered":"<p>Hogar Liderazgo y Junta Operaciones ASG Descripci\u00f3n general de Am\u00e9rica Latina Contacta con nosotras pol\u00edtica de privacidad<\/p>\n","protected":false},"author":1,"featured_media":0,"parent":0,"menu_order":0,"comment_status":"closed","ping_status":"closed","template":"template\/sitemap.php","meta":{"_acf_changed":false,"footnotes":""},"acf":[],"_links":{"self":[{"href":"https:\/\/latinenergypartners.com\/es\/wp-json\/wp\/v2\/pages\/783"}],"collection":[{"href":"https:\/\/latinenergypartners.com\/es\/wp-json\/wp\/v2\/pages"}],"about":[{"href":"https:\/\/latinenergypartners.com\/es\/wp-json\/wp\/v2\/types\/page"}],"author":[{"embeddable":true,"href":"https:\/\/latinenergypartners.com\/es\/wp-json\/wp\/v2\/users\/1"}],"replies":[{"embeddable":true,"href":"https:\/\/latinenergypartners.com\/es\/wp-json\/wp\/v2\/comments?post=783"}],"version-history":[{"count":3,"href":"https:\/\/latinenergypartners.com\/es\/wp-json\/wp\/v2\/pages\/783\/revisions"}],"predecessor-version":[{"id":790,"href":"https:\/\/latinenergypartners.com\/es\/wp-json\/wp\/v2\/pages\/783\/revisions\/790"}],"wp:attachment":[{"href":"https:\/\/latinenergypartners.com\/es\/wp-json\/wp\/v2\/media?parent=783"}],"curies":[{"name":"wp","href":"https:\/\/api.w.org\/{rel}","templated":true}]}}